{"id":10,"date":"2021-11-02T02:02:11","date_gmt":"2021-11-02T02:02:11","guid":{"rendered":"https:\/\/www.dennispaulino.com\/saotomedocastelo\/?page_id=10"},"modified":"2023-06-04T17:34:25","modified_gmt":"2023-06-04T17:34:25","slug":"contact","status":"publish","type":"page","link":"https:\/\/www.dennispaulino.com\/saotomedocastelo\/?page_id=10","title":{"rendered":"Padre Manuel Mendes"},"content":{"rendered":"\n<h2>Padre Manuel Mendes, um Santo dos nossos dias<\/h2>\n<p>\nDescrito como um homem de Deus que levou uma vida rigorosa, mas simples. S\u00f3 Deus conheceu a riqueza espiritual e humana desta alma de elei\u00e7\u00e3o. Deste esp\u00edrito nobre e digno. Adicionalmente, o Padre Manuel Mendes tinha uma modalidade muito pr\u00f3pria de escrever \u2013 doutrina segura, excelente, melodiosa, bem adornada de figuras estil\u00edsticas e transbordante de profundo e sincero zelo pastoral \u2013 poderemos descer ao mais \u00edntimo do seu esp\u00edrito, olhar bem para o mais fundo da sua alma, provar o fel amargo das suas derrotas e mais agudos sofrimentos, contemplar as maravilhas que Deus nele operou, medir o duro peso da sua cruz, aquilatar do grau da sua m\u00edstica e sentir o fogo intenso, a temperatura do seu grande cora\u00e7\u00e3o. A sua ora\u00e7\u00e3o pessoal e \u00edntima, as notas e registos das suas leituras, conversas confidenciais e segredos permanentes, prop\u00f3sitos, conselhos e recomenda\u00e7\u00f5es, abarcam toda a sua exist\u00eancia de 78 anos. Os seus escritos espelham a sua alma e revelam os seus mais secretos sentimentos. Um verdadeiro padre que imolou toda a sua vida por amor, s\u00f3 por amor a Jesus. Sacerdote generoso, duma f\u00e9 viva e simples, de uma simplicidade evang\u00e9lica, passava despercebido, mas t\u00e3o procurado. Altos des\u00edgnios de Deus!\u2026\nQue Maria, a \u201cquerida M\u00e3e do C\u00e9u\u201d, pegue na nossa mesquinha e desajeitada m\u00e3o, supra as nossas defici\u00eancias e pobreza; e que o nosso querido e bom Padre Manuel Mendes des\u00e7a at\u00e9 n\u00f3s e, tamb\u00e9m l\u00e1 do C\u00e9u, onde mora, oriente o nosso errante e t\u00e3o inseguro peregrinar.\n<\/p>\n<p>Adaptado do livro \u201cP. Manuel Mendes: Um Santo dos nossos dias\u201d, Monsenhor Salvador Parente, Minerva Transmontana Editora<\/p>\n\n\n\n<h2 class=\"wp-block-heading\">Ora\u00e7\u00e3o pela Intercess\u00e3o do Padre Manuel Mendes<\/h2>\n\n\n\n<p><em>Deus misericordioso, n\u00f3s Vos louvamos pelo testemunho do Padre Mendes, que se deu totalmente \u00e0 vida de ora\u00e7\u00e3o e \u00e0 penit\u00eancia, no desprendimento e servi\u00e7o do Vosso Povo, como p\u00e1roco, professor e diretor de consci\u00eancias. Seguindo o seu zelo e exemplo ao servi\u00e7o dos pobres e dos humildes, se for da Vossa Santa Vontade, dignai-vos beatific\u00e1-lo e, pela sua intercess\u00e3o, conceder-me a gra\u00e7a que preciso e que, humilde e confiadamente, imploro de V\u00f3s, Pai Misericordioso, por Jesus Cristo Vosso Filho, na unidade do Esp\u00edrito Santo. \u00c1men<\/em><br>Bispo D. Am\u00e2ndio Tom\u00e1s<\/p>\n","protected":false},"excerpt":{"rendered":"<p>Padre Manuel Mendes, um Santo dos nossos dias Descrito como um homem de Deus que levou uma vida rigorosa, mas simples. S\u00f3 Deus conheceu a riqueza espiritual e humana desta alma de elei\u00e7\u00e3o. Deste esp\u00edrito nobre e digno. Adicionalmente, o Padre Manuel Mendes tinha uma modalidade muito pr\u00f3pria de escrever \u2013 doutrina segura, excelente, melodiosa, &hellip; <\/p>\n<p class=\"link-more\"><a href=\"https:\/\/www.dennispaulino.com\/saotomedocastelo\/?page_id=10\" class=\"more-link\">Continuar a ler <span class=\"screen-reader-text\">&#8220;Padre Manuel Mendes&#8221;<\/span><\/a><\/p>\n","protected":false},"author":1,"featured_media":300,"parent":0,"menu_order":0,"comment_status":"closed","ping_status":"closed","template":"","meta":{"footnotes":""},"_links":{"self":[{"href":"https:\/\/www.dennispaulino.com\/saotomedocastelo\/index.php?rest_route=\/wp\/v2\/pages\/10"}],"collection":[{"href":"https:\/\/www.dennispaulino.com\/saotomedocastelo\/index.php?rest_route=\/wp\/v2\/pages"}],"about":[{"href":"https:\/\/www.dennispaulino.com\/saotomedocastelo\/index.php?rest_route=\/wp\/v2\/types\/page"}],"author":[{"embeddable":true,"href":"https:\/\/www.dennispaulino.com\/saotomedocastelo\/index.php?rest_route=\/wp\/v2\/users\/1"}],"replies":[{"embeddable":true,"href":"https:\/\/www.dennispaulino.com\/saotomedocastelo\/index.php?rest_route=%2Fwp%2Fv2%2Fcomments&post=10"}],"version-history":[{"count":5,"href":"https:\/\/www.dennispaulino.com\/saotomedocastelo\/index.php?rest_route=\/wp\/v2\/pages\/10\/revisions"}],"predecessor-version":[{"id":296,"href":"https:\/\/www.dennispaulino.com\/saotomedocastelo\/index.php?rest_route=\/wp\/v2\/pages\/10\/revisions\/296"}],"wp:featuredmedia":[{"embeddable":true,"href":"https:\/\/www.dennispaulino.com\/saotomedocastelo\/index.php?rest_route=\/wp\/v2\/media\/300"}],"wp:attachment":[{"href":"https:\/\/www.dennispaulino.com\/saotomedocastelo\/index.php?rest_route=%2Fwp%2Fv2%2Fmedia&parent=10"}],"curies":[{"name":"wp","href":"https:\/\/api.w.org\/{rel}","templated":true}]}}