{"id":291,"date":"2023-06-04T17:25:10","date_gmt":"2023-06-04T17:25:10","guid":{"rendered":"https:\/\/www.dennispaulino.com\/saotomedocastelo\/?page_id=291"},"modified":"2023-06-18T21:21:26","modified_gmt":"2023-06-18T21:21:26","slug":"padre-jose-miguel","status":"publish","type":"page","link":"https:\/\/www.dennispaulino.com\/saotomedocastelo\/?page_id=291","title":{"rendered":"Padre Jos\u00e9 Miguel"},"content":{"rendered":"\n<p>No mundo contempor\u00e2neo precisamos de pessoas como o saudoso Padre Jos\u00e9 Miguel Garcia Pereira, que foi uma verdadeira b\u00fassola \u00e9tica, tendo entrado para o reino de Deus a 10 de novembro de 2001. Um homem que imitou a Nosso Senhor Jesus Cristo, fazendo o bem humildemente por onde passou, vivendo como se fosse franciscano e sendo um ve\u00edculo de milagres como instrumento nas m\u00e3os de Deus. Origin\u00e1rio do Soito, freguesia do Sabugal, tamb\u00e9m ficou conhecido como o \u201cPadre Milagreiro\u201d. Existem factos documentados de v\u00e1rias pessoas que viram as suas preces atendidas, incluindo pessoas que se deslocaram de zonas t\u00e3o long\u00ednquas como o Algarve ou at\u00e9 mesmo emigrantes de Fran\u00e7a. O facto mais predominante \u00e9 a carta assinada pelo ex-Primeiro Ministro Polaco Lech Walesa, que nos meados dos anos 80 escreveu ao Padre Jos\u00e9 Miguel para pedir que rezasse por ele e pelo partido Solidarnosci. Um dos milagres protot\u00edpicos como aqueles frequentemente apresentados nos Evangelhos, foi o da cura de um cancro. Uma mulher do concelho de Pinhel, tinha um cancro a alastrar-se num bra\u00e7o. Essa mulher dirigiu-se em prantos ao Padre Miguel momentos antes de ele ir celebrar uma Santa Missa. Ele disse para ela ter f\u00e9 e que fosse \u00e0 Santa Missa. Ela assim fez e ficou curada. Aquela chaga que tinha no bra\u00e7o em poucos meses desapareceu completamente.&nbsp; Este milagre, assim como muitos outros, envolveram uma f\u00e9 sobrenatural que implica encontrarmos excelentes intermedi\u00e1rios de Deus. O Papa Jo\u00e3o Paulo II em 2001, concedeu uma prerrogativa para que autorizasse que o corpo do Padre Miguel permanecesse numa capela em anexo \u00e0 casa dele. A poucos metros, subsiste um centro social \u201cAssocia\u00e7\u00e3o Crist\u00e3 Paz e Bem\u201d que ajuda pessoas com defici\u00eancia, e tendo sido ordenada construir pelo Padre Jos\u00e9 Miguel poucos anos antes de falecer. Pelas obras, v\u00ea-se a f\u00e9 deste saudoso Padre.<\/p>\n\n\n\n<p><strong>Pelas obras, v\u00ea-se a f\u00e9 deste saudoso Padre. <\/strong>A capela onde est\u00e1 sepultado o corpo do Padre Miguel, continua a ser um local de peregrina\u00e7\u00e3o, onde muitas pessoas se deslocam para obter um momento especial de comunh\u00e3o com Deus. Onde as pessoas podem deixar as suas preces, e recorrer ao Padre Jos\u00e9 Miguel como fiel intermedi\u00e1rio de Deus. Deus na sua infinita miseric\u00f3rdia, concede a determinadas pessoas e lugares uma b\u00ean\u00e7\u00e3o sobrenatural. Acredito fielmente que toda as pessoas com f\u00e9 que l\u00e1 forem, acharam uma paz interior maravilhosa e uma resposta para os seus problemas.<\/p>\n\n\n\n<h2 class=\"wp-block-heading\"><strong>Testemunho sobre a intercess\u00e3o do Padre Jos\u00e9 Miguel<\/strong><\/h2>\n\n\n\n<p>Caro leitor, sinto-me compelido a homenagear e partilhar os testemunhos sobre o Padre Miguel, um homem que deixou a sua marca pautada pela generosidade, amizade e uma f\u00e9 inabal\u00e1vel em Deus. Prova disso, est\u00e1 a minha vida, a minha fam\u00edlia e os in\u00fameros testemunhos de diversas pessoas quanto \u00e0s suas obras. Essas obras s\u00e3o marcadas pelo poder da f\u00e9, verificadas pelos milhares de pessoas que o foram e ainda continuam a visitar, e que viram as suas preces serem atendidas pela gra\u00e7a de Deus e pelas palavras do Padre Miguel. A minha vida e o meu caminho, sempre foram orientadas pela f\u00e9, sendo que regularmente fa\u00e7o promessas a Deus e ao Padre Miguel, que s\u00e3o sempre ouvidas. Tanto a n\u00edvel acad\u00e9mico, como a n\u00edvel profissional, tenho sempre conseguido aquilo que desejo, e em troca, cumpro as promessas que fa\u00e7o ajudando as pessoas mais pobres e mais necessitadas. Partilho isto, com o intuito que as pessoas tenham f\u00e9 em Deus e no Padre Miguel, de forma a verem as suas vidas melhorarem e a partilharem os seus testemunhos. A Igreja precisa que sejam lembrados os bons exemplos de vida, especialmente as pessoas que passaram este mundo imitando a Nosso Senhor Jesus Cristo, servindo a Deus com simplicidade e humildade. Sem d\u00favida que o Padre Miguel foi esse bom exemplo.<\/p>\n\n\n\n<p>Que Deus e o Padre Miguel, nos aben\u00e7oe a todos principalmente os mais necessitados,<\/p>\n\n\n\n<p>Dennis Paulino<\/p>\n\n\n\n<p><strong>Ora\u00e7\u00e3o para intercess\u00e3o do Padre Jos\u00e9 Miguel<\/strong><\/p>\n\n\n\n<p><em>Padre Miguel, pela Virgem Sant\u00edssima de quem eras particular admirador, e por Deus Nosso Senhor, Seu Filho feito homem, a quem serviste no mundo e onde te fundiste em esp\u00edrito, eu te invoco para que me oi\u00e7as, para que me aconselhes, para que me protejas e para que me ajudes em tudo quanto eu te disser, baixa sobre mim Padre Miguel, ouve as minhas preces. Em louvor e honra da Virgem Maria, e pela luz de S\u00e3o Miguel Arcanjo, eu te exalto Padre Miguel, para que no Reino de Deus, intercedas por todos aqueles que te chamam. Rezo para que vivas em perman\u00eancia no meu cora\u00e7\u00e3o. Rezo ao Sant\u00edssimo Sacramento, e \u00e0 Sant\u00edssima Trindade, para que no mundo e na eternidade, sejas sempre a Luz de Deus e oi\u00e7as sempre quem o faz por amor e amizade. <\/em><br><em>Que assim seja em Nome e Poder de Nosso Senhor Jesus Cristo. Am\u00e9m.<\/em><\/p>\n","protected":false},"excerpt":{"rendered":"<p>No mundo contempor\u00e2neo precisamos de pessoas como o saudoso Padre Jos\u00e9 Miguel Garcia Pereira, que foi uma verdadeira b\u00fassola \u00e9tica, tendo entrado para o reino de Deus a 10 de novembro de 2001. Um homem que imitou a Nosso Senhor Jesus Cristo, fazendo o bem humildemente por onde passou, vivendo como se fosse franciscano e &hellip; <\/p>\n<p class=\"link-more\"><a href=\"https:\/\/www.dennispaulino.com\/saotomedocastelo\/?page_id=291\" class=\"more-link\">Continuar a ler <span class=\"screen-reader-text\">&#8220;Padre Jos\u00e9 Miguel&#8221;<\/span><\/a><\/p>\n","protected":false},"author":1,"featured_media":292,"parent":0,"menu_order":0,"comment_status":"closed","ping_status":"closed","template":"","meta":{"footnotes":""},"_links":{"self":[{"href":"https:\/\/www.dennispaulino.com\/saotomedocastelo\/index.php?rest_route=\/wp\/v2\/pages\/291"}],"collection":[{"href":"https:\/\/www.dennispaulino.com\/saotomedocastelo\/index.php?rest_route=\/wp\/v2\/pages"}],"about":[{"href":"https:\/\/www.dennispaulino.com\/saotomedocastelo\/index.php?rest_route=\/wp\/v2\/types\/page"}],"author":[{"embeddable":true,"href":"https:\/\/www.dennispaulino.com\/saotomedocastelo\/index.php?rest_route=\/wp\/v2\/users\/1"}],"replies":[{"embeddable":true,"href":"https:\/\/www.dennispaulino.com\/saotomedocastelo\/index.php?rest_route=%2Fwp%2Fv2%2Fcomments&post=291"}],"version-history":[{"count":2,"href":"https:\/\/www.dennispaulino.com\/saotomedocastelo\/index.php?rest_route=\/wp\/v2\/pages\/291\/revisions"}],"predecessor-version":[{"id":294,"href":"https:\/\/www.dennispaulino.com\/saotomedocastelo\/index.php?rest_route=\/wp\/v2\/pages\/291\/revisions\/294"}],"wp:featuredmedia":[{"embeddable":true,"href":"https:\/\/www.dennispaulino.com\/saotomedocastelo\/index.php?rest_route=\/wp\/v2\/media\/292"}],"wp:attachment":[{"href":"https:\/\/www.dennispaulino.com\/saotomedocastelo\/index.php?rest_route=%2Fwp%2Fv2%2Fmedia&parent=291"}],"curies":[{"name":"wp","href":"https:\/\/api.w.org\/{rel}","templated":true}]}}